{"id":156,"date":"2025-09-17T10:38:26","date_gmt":"2025-09-17T10:38:26","guid":{"rendered":"https:\/\/rocksolid.server.codeagentur.de\/index.php\/produkt\/sachverstaendigenbestaetigung-2\/"},"modified":"2025-09-17T10:38:26","modified_gmt":"2025-09-17T10:38:26","slug":"sachverstaendigenbestaetigung-2","status":"publish","type":"product","link":"https:\/\/rocksolid.server.codeagentur.de\/index.php\/produkt\/sachverstaendigenbestaetigung-2\/","title":{"rendered":"Sachverst\u00e4ndigenbest\u00e4tigung"},"content":{"rendered":"<p>Professionelle Sachverst\u00e4ndigenbest\u00e4tigung f\u00fcr Ihre Immobilie.<\/p>\n","protected":false},"excerpt":{"rendered":"<p>Professionelle Sachverst\u00e4ndigenbest\u00e4tigung f\u00fcr Ihre Immobilie.<\/p>\n","protected":false},"featured_media":0,"comment_status":"open","ping_status":"closed","template":"","meta":[],"product_brand":[],"product_cat":[16],"product_tag":[],"class_list":{"0":"post-156","1":"product","2":"type-product","3":"status-publish","5":"product_cat-sachverstaendigenbestaetigung","7":"first","8":"instock","9":"virtual","10":"purchasable","11":"product-type-simple"},"yoast_head":"<!-- This site is optimized with the Yoast SEO plugin v25.3.1 - https:\/\/yoast.com\/wordpress\/plugins\/seo\/ -->\n<title>Sachverst\u00e4ndigenbest\u00e4tigung - Rocksolid<\/title>\n<meta name=\"robots\" content=\"noindex, follow, max-snippet:-1, max-image-preview:large, max-video-preview:-1\" \/>\n<meta property=\"og:locale\" content=\"de_DE\" \/>\n<meta property=\"og:type\" content=\"article\" \/>\n<meta property=\"og:title\" content=\"Sachverst\u00e4ndigenbest\u00e4tigung - Rocksolid\" \/>\n<meta property=\"og:description\" content=\"Professionelle Sachverst\u00e4ndigenbest\u00e4tigung f\u00fcr Ihre Immobilie.\" \/>\n<meta property=\"og:url\" content=\"https:\/\/rocksolid.server.codeagentur.de\/index.php\/produkt\/sachverstaendigenbestaetigung-2\/\" \/>\n<meta property=\"og:site_name\" content=\"Rocksolid\" \/>\n<meta name=\"twitter:card\" content=\"summary_large_image\" \/>\n<script type=\"application\/ld+json\" class=\"yoast-schema-graph\">{\"@context\":\"https:\/\/schema.org\",\"@graph\":[{\"@type\":\"WebPage\",\"@id\":\"https:\/\/rocksolid.server.codeagentur.de\/index.php\/produkt\/sachverstaendigenbestaetigung-2\/\",\"url\":\"https:\/\/rocksolid.server.codeagentur.de\/index.php\/produkt\/sachverstaendigenbestaetigung-2\/\",\"name\":\"Sachverst\u00e4ndigenbest\u00e4tigung - Rocksolid\",\"isPartOf\":{\"@id\":\"https:\/\/rocksolid.server.codeagentur.de\/#website\"},\"datePublished\":\"2025-09-17T10:38:26+00:00\",\"breadcrumb\":{\"@id\":\"https:\/\/rocksolid.server.codeagentur.de\/index.php\/produkt\/sachverstaendigenbestaetigung-2\/#breadcrumb\"},\"inLanguage\":\"de\",\"potentialAction\":[{\"@type\":\"ReadAction\",\"target\":[\"https:\/\/rocksolid.server.codeagentur.de\/index.php\/produkt\/sachverstaendigenbestaetigung-2\/\"]}]},{\"@type\":\"BreadcrumbList\",\"@id\":\"https:\/\/rocksolid.server.codeagentur.de\/index.php\/produkt\/sachverstaendigenbestaetigung-2\/#breadcrumb\",\"itemListElement\":[{\"@type\":\"ListItem\",\"position\":1,\"name\":\"Startseite\",\"item\":\"https:\/\/rocksolid.server.codeagentur.de\/\"},{\"@type\":\"ListItem\",\"position\":2,\"name\":\"Shop\",\"item\":\"https:\/\/rocksolid.server.codeagentur.de\/index.php\/shop\/\"},{\"@type\":\"ListItem\",\"position\":3,\"name\":\"Sachverst\u00e4ndigenbest\u00e4tigung\"}]},{\"@type\":\"WebSite\",\"@id\":\"https:\/\/rocksolid.server.codeagentur.de\/#website\",\"url\":\"https:\/\/rocksolid.server.codeagentur.de\/\",\"name\":\"Rocksolid\",\"description\":\"\",\"potentialAction\":[{\"@type\":\"SearchAction\",\"target\":{\"@type\":\"EntryPoint\",\"urlTemplate\":\"https:\/\/rocksolid.server.codeagentur.de\/?s={search_term_string}\"},\"query-input\":{\"@type\":\"PropertyValueSpecification\",\"valueRequired\":true,\"valueName\":\"search_term_string\"}}],\"inLanguage\":\"de\"}]}<\/script>\n<!-- \/ Yoast SEO plugin. -->","yoast_head_json":{"title":"Sachverst\u00e4ndigenbest\u00e4tigung - Rocksolid","robots":{"index":"noindex","follow":"follow","max-snippet":"max-snippet:-1","max-image-preview":"max-image-preview:large","max-video-preview":"max-video-preview:-1"},"og_locale":"de_DE","og_type":"article","og_title":"Sachverst\u00e4ndigenbest\u00e4tigung - Rocksolid","og_description":"Professionelle Sachverst\u00e4ndigenbest\u00e4tigung f\u00fcr Ihre Immobilie.","og_url":"https:\/\/rocksolid.server.codeagentur.de\/index.php\/produkt\/sachverstaendigenbestaetigung-2\/","og_site_name":"Rocksolid","twitter_card":"summary_large_image","schema":{"@context":"https:\/\/schema.org","@graph":[{"@type":"WebPage","@id":"https:\/\/rocksolid.server.codeagentur.de\/index.php\/produkt\/sachverstaendigenbestaetigung-2\/","url":"https:\/\/rocksolid.server.codeagentur.de\/index.php\/produkt\/sachverstaendigenbestaetigung-2\/","name":"Sachverst\u00e4ndigenbest\u00e4tigung - Rocksolid","isPartOf":{"@id":"https:\/\/rocksolid.server.codeagentur.de\/#website"},"datePublished":"2025-09-17T10:38:26+00:00","breadcrumb":{"@id":"https:\/\/rocksolid.server.codeagentur.de\/index.php\/produkt\/sachverstaendigenbestaetigung-2\/#breadcrumb"},"inLanguage":"de","potentialAction":[{"@type":"ReadAction","target":["https:\/\/rocksolid.server.codeagentur.de\/index.php\/produkt\/sachverstaendigenbestaetigung-2\/"]}]},{"@type":"BreadcrumbList","@id":"https:\/\/rocksolid.server.codeagentur.de\/index.php\/produkt\/sachverstaendigenbestaetigung-2\/#breadcrumb","itemListElement":[{"@type":"ListItem","position":1,"name":"Startseite","item":"https:\/\/rocksolid.server.codeagentur.de\/"},{"@type":"ListItem","position":2,"name":"Shop","item":"https:\/\/rocksolid.server.codeagentur.de\/index.php\/shop\/"},{"@type":"ListItem","position":3,"name":"Sachverst\u00e4ndigenbest\u00e4tigung"}]},{"@type":"WebSite","@id":"https:\/\/rocksolid.server.codeagentur.de\/#website","url":"https:\/\/rocksolid.server.codeagentur.de\/","name":"Rocksolid","description":"","potentialAction":[{"@type":"SearchAction","target":{"@type":"EntryPoint","urlTemplate":"https:\/\/rocksolid.server.codeagentur.de\/?s={search_term_string}"},"query-input":{"@type":"PropertyValueSpecification","valueRequired":true,"valueName":"search_term_string"}}],"inLanguage":"de"}]}},"_links":{"self":[{"href":"https:\/\/rocksolid.server.codeagentur.de\/index.php\/wp-json\/wp\/v2\/product\/156","targetHints":{"allow":["GET"]}}],"collection":[{"href":"https:\/\/rocksolid.server.codeagentur.de\/index.php\/wp-json\/wp\/v2\/product"}],"about":[{"href":"https:\/\/rocksolid.server.codeagentur.de\/index.php\/wp-json\/wp\/v2\/types\/product"}],"replies":[{"embeddable":true,"href":"https:\/\/rocksolid.server.codeagentur.de\/index.php\/wp-json\/wp\/v2\/comments?post=156"}],"wp:attachment":[{"href":"https:\/\/rocksolid.server.codeagentur.de\/index.php\/wp-json\/wp\/v2\/media?parent=156"}],"wp:term":[{"taxonomy":"product_brand","embeddable":true,"href":"https:\/\/rocksolid.server.codeagentur.de\/index.php\/wp-json\/wp\/v2\/product_brand?post=156"},{"taxonomy":"product_cat","embeddable":true,"href":"https:\/\/rocksolid.server.codeagentur.de\/index.php\/wp-json\/wp\/v2\/product_cat?post=156"},{"taxonomy":"product_tag","embeddable":true,"href":"https:\/\/rocksolid.server.codeagentur.de\/index.php\/wp-json\/wp\/v2\/product_tag?post=156"}],"curies":[{"name":"wp","href":"https:\/\/api.w.org\/{rel}","templated":true}]}}